{"id":8,"date":"2015-08-04T19:29:10","date_gmt":"2015-08-04T16:29:10","guid":{"rendered":"http:\/\/eneriitta.fi\/?page_id=8"},"modified":"2025-01-01T18:00:18","modified_gmt":"2025-01-01T16:00:18","slug":"aromaterapia","status":"publish","type":"page","link":"https:\/\/eneriitta.fi\/index.php\/aromaterapia\/","title":{"rendered":"Aroma-hieronta"},"content":{"rendered":"<p>Onko takana stressaava el\u00e4m\u00e4n vaihe tai tulossa kinkkinen tilanne, johon haluat vahvistusta? Tunnin kehoa ja mielt\u00e4 rauhoittava hoito antaa erityist\u00e4 puhtia tuleviin haasteisiin.<\/p>\n<p>Saat nauttia sinua miellytt\u00e4v\u00e4st\u00e4 miedosti leijailevasta tuoksusta ja kevyest\u00e4 nestekiertoa vilkastuttavasta hoidosta.<\/p>\n<p>Haastattelun j\u00e4lkeen valitsemme sinulle mieleisen luonnollisen tuoksun. Tuoksu avaa aistisi nauttimaan kevyest\u00e4 hoidosta. Koe kuinka hoito tuo kehollesi vapautta rentouttaen samalla mielt\u00e4si.<\/p>\n<p>Aroma-hoitoon varaa aikaa tunti. Hoidon hinta 77 e. Hoidon j\u00e4lkeinen p\u00e4iv\u00e4 on hyv\u00e4 rauhoittaa omaan hyvinvointiin.<\/p>\n<p>Tervetuloa kokemaan keveyden voimaa!<\/p>\n<pre><span style=\"font-size: small;\"><strong>Ajanvaraus<\/strong> \n<a href=\"https:\/\/api.whatsapp.com\/send?phone=358503058115\">WhatsApp sovelluksella viesti<\/a> \n050 305 8115\n<a href=\"mailto:riitta@eneriitta.fi\">riitta@eneriitta.fi<\/a>\nSignal - turvallinen pikaviesti<\/span><\/pre>\n","protected":false},"excerpt":{"rendered":"<p>Onko takana stressaava el\u00e4m\u00e4n vaihe tai tulossa kinkkinen tilanne, johon haluat vahvistusta? Tunnin kehoa ja mielt\u00e4 rauhoittava hoito antaa erityist\u00e4 puhtia tuleviin haasteisiin. Saat nauttia sinua miellytt\u00e4v\u00e4st\u00e4 miedosti leijailevasta tuoksusta ja kevyest\u00e4 nestekiertoa vilkastuttavasta hoidosta. Haastattelun j\u00e4lkeen valitsemme sinulle mieleisen luonnollisen tuoksun. Tuoksu avaa aistisi nauttimaan kevyest\u00e4 hoidosta. Koe kuinka hoito tuo kehollesi vapautta rentouttaen &#8230; <a title=\"Aroma-hieronta\" class=\"read-more\" href=\"https:\/\/eneriitta.fi\/index.php\/aromaterapia\/\">Read more <span class=\"screen-reader-text\">Aroma-hieronta<\/span><\/a><\/p>\n","protected":false},"author":1,"featured_media":0,"parent":0,"menu_order":0,"comment_status":"closed","ping_status":"closed","template":"","meta":[],"_links":{"self":[{"href":"https:\/\/eneriitta.fi\/index.php\/wp-json\/wp\/v2\/pages\/8"}],"collection":[{"href":"https:\/\/eneriitta.fi\/index.php\/wp-json\/wp\/v2\/pages"}],"about":[{"href":"https:\/\/eneriitta.fi\/index.php\/wp-json\/wp\/v2\/types\/page"}],"author":[{"embeddable":true,"href":"https:\/\/eneriitta.fi\/index.php\/wp-json\/wp\/v2\/users\/1"}],"replies":[{"embeddable":true,"href":"https:\/\/eneriitta.fi\/index.php\/wp-json\/wp\/v2\/comments?post=8"}],"version-history":[{"count":35,"href":"https:\/\/eneriitta.fi\/index.php\/wp-json\/wp\/v2\/pages\/8\/revisions"}],"predecessor-version":[{"id":594,"href":"https:\/\/eneriitta.fi\/index.php\/wp-json\/wp\/v2\/pages\/8\/revisions\/594"}],"wp:attachment":[{"href":"https:\/\/eneriitta.fi\/index.php\/wp-json\/wp\/v2\/media?parent=8"}],"curies":[{"name":"wp","href":"https:\/\/api.w.org\/{rel}","templated":true}]}}