{"id":5,"date":"2015-08-04T16:16:41","date_gmt":"2015-08-04T13:16:41","guid":{"rendered":"http:\/\/eneriitta.fi\/?page_id=5"},"modified":"2023-07-22T15:48:35","modified_gmt":"2023-07-22T12:48:35","slug":"hyvinvointipalvelut","status":"publish","type":"page","link":"https:\/\/eneriitta.fi\/","title":{"rendered":"Terveys- ja hyvinvointipalvelut"},"content":{"rendered":"<p>Johanssonin talossa, Suvantokatu 1.<\/p>\n<p>Tervetuloa palveltavaksi!<strong><br \/>\n<\/strong><\/p>\n<p><a href=\"https:\/\/eneriitta.fi\/wp-content\/uploads\/2022\/11\/Karjalan-Heili-201105.jpg\"><img decoding=\"async\" loading=\"lazy\" class=\"alignnone  wp-image-539\" src=\"https:\/\/eneriitta.fi\/wp-content\/uploads\/2022\/11\/Karjalan-Heili-201105.jpg\" alt=\"\" width=\"329\" height=\"352\" \/><\/a><\/p>\n<p><strong>Kuinka voin auttaa sinua?<\/strong><\/p>\n<p><a href=\"https:\/\/eneriitta.fi\/index.php\/hieronta\/\"><strong>Hieronta<\/strong><\/a><br \/>\n<span style=\"font-weight: 400;\">Klassinen ja urheiluhieronta sek\u00e4 purenta- ja \u00e4\u00e4nilihasten <a href=\"http:\/\/eneriitta.fi\/index.php\/hieronta\/\" target=\"_blank\" rel=\"noopener noreferrer\">VoiceWell hieronta<\/a><br \/>\nAkupunktioneulat DryNeedling tekniikalla lihashuollon apuna<br \/>\n<\/span><\/p>\n<p><a href=\"https:\/\/eneriitta.fi\/index.php\/jalkojen-hoito\/\"><strong>Jalkahoito<\/strong><\/a><br \/>\nTerveytt\u00e4 ja rentoutta jaloille jalkojenhoidon ammattilaisen hoidossa<\/p>\n<p><span style=\"font-weight: 400;\"><strong><a href=\"https:\/\/eneriitta.fi\/index.php\/aromaterapia\/\">Aromahoito<\/a><\/strong><\/span><br \/>\nSinun valitsemallasi luonnollisella tuoksulla ter\u00e4stetty kevyt hieronta<\/p>\n<p><span style=\"font-weight: 400;\"><strong><a href=\"https:\/\/eneriitta.fi\/index.php\/lammin-bambukeppihieronta\/\">Bambukeppihieronta<\/a><\/strong><\/span><br \/>\nLempe\u00e4 l\u00e4mpimill\u00e4 bambukepeill\u00e4 suoritettu hieronta soveltuu hyvin koleiden p\u00e4ivien lihasrentoutukseen<\/p>\n<p><span style=\"font-weight: 400;\"><strong><a href=\"https:\/\/eneriitta.fi\/index.php\/energiahoito\/\">Energiahoito<\/a><\/strong><\/span><br \/>\nEnergiahoidosta on joillekin hy\u00f6ty\u00e4<\/p>\n<p><span style=\"font-weight: 400;\"><strong><a href=\"https:\/\/eneriitta.fi\/index.php\/jang-su-terveysliikuntaohjaus\/\">Jang Su-terveysliikunta<\/a><\/strong><\/span><br \/>\nLihasten elastisuutta tehostava liikuntamuoto<\/p>\n<p><span style=\"font-weight: 400;\"><strong><a href=\"https:\/\/eneriitta.fi\/index.php\/vyohyketerapia\/\">Vy\u00f6hyke-hoito<\/a><\/strong><\/span><br \/>\nHermoston ja meridiaanien kautta toteutettu heijastehoito<\/p>\n<pre><span style=\"font-size: small;\"><strong>Ajanvaraus<\/strong> \n<a href=\"https:\/\/api.whatsapp.com\/send?phone=358503058115\">WhatsApp sovelluksella viesti<\/a> \n050 305 8115\n<a href=\"mailto:riitta@eneriitta.fi\">riitta@eneriitta.fi<\/a>\nSignal - turvallinen pikaviesti\n\n<strong>Suvantokatu 1, Joensuu<\/strong> (ajanvaruksella)\n\nHoitoajat joustavasti ma-la my\u00f6s iltaisin\nMy\u00f6s koti- ja yritysk\u00e4ynnit\n\n<strong>Maksutavat<\/strong>\u2028\npankki- ja luottokortti\nk\u00e4teinen\nePassi Hyvinvointi\nSmartum Hieronta \u2028\nEazybreak Hieronta\nEdenred Hieronta\nLahjakortteja saatavilla\n\n<strong>Peruutusehdot<\/strong>\u2028 \nVarattu aika on peruttava v\u00e4hint\u00e4\u00e4n 24 tuntia \n<\/span><span style=\"font-size: small;\">ennen vastaanottoajan alkua. \nMy\u00f6hemmin tehdyst\u00e4 peruutuksesta tai \nkokonaan peruuttamattomasta ajasta\u00a0\nvaraamme oikeuden veloittaa \nvaratun palvelun t\u00e4yden hinnan.\n<\/span><\/pre>\n","protected":false},"excerpt":{"rendered":"<p>Johanssonin talossa, Suvantokatu 1. Tervetuloa palveltavaksi! Kuinka voin auttaa sinua? Hieronta Klassinen ja urheiluhieronta sek\u00e4 purenta- ja \u00e4\u00e4nilihasten VoiceWell hieronta Akupunktioneulat DryNeedling tekniikalla lihashuollon apuna Jalkahoito Terveytt\u00e4 ja rentoutta jaloille jalkojenhoidon ammattilaisen hoidossa Aromahoito Sinun valitsemallasi luonnollisella tuoksulla ter\u00e4stetty kevyt hieronta Bambukeppihieronta Lempe\u00e4 l\u00e4mpimill\u00e4 bambukepeill\u00e4 suoritettu hieronta soveltuu hyvin koleiden p\u00e4ivien lihasrentoutukseen Energiahoito Energiahoidosta on &#8230; <a title=\"Terveys- ja hyvinvointipalvelut\" class=\"read-more\" href=\"https:\/\/eneriitta.fi\/\">Read more <span class=\"screen-reader-text\">Terveys- ja hyvinvointipalvelut<\/span><\/a><\/p>\n","protected":false},"author":1,"featured_media":0,"parent":0,"menu_order":0,"comment_status":"closed","ping_status":"closed","template":"","meta":[],"_links":{"self":[{"href":"https:\/\/eneriitta.fi\/index.php\/wp-json\/wp\/v2\/pages\/5"}],"collection":[{"href":"https:\/\/eneriitta.fi\/index.php\/wp-json\/wp\/v2\/pages"}],"about":[{"href":"https:\/\/eneriitta.fi\/index.php\/wp-json\/wp\/v2\/types\/page"}],"author":[{"embeddable":true,"href":"https:\/\/eneriitta.fi\/index.php\/wp-json\/wp\/v2\/users\/1"}],"replies":[{"embeddable":true,"href":"https:\/\/eneriitta.fi\/index.php\/wp-json\/wp\/v2\/comments?post=5"}],"version-history":[{"count":101,"href":"https:\/\/eneriitta.fi\/index.php\/wp-json\/wp\/v2\/pages\/5\/revisions"}],"predecessor-version":[{"id":575,"href":"https:\/\/eneriitta.fi\/index.php\/wp-json\/wp\/v2\/pages\/5\/revisions\/575"}],"wp:attachment":[{"href":"https:\/\/eneriitta.fi\/index.php\/wp-json\/wp\/v2\/media?parent=5"}],"curies":[{"name":"wp","href":"https:\/\/api.w.org\/{rel}","templated":true}]}}