{"id":28,"date":"2015-08-04T19:38:51","date_gmt":"2015-08-04T16:38:51","guid":{"rendered":"http:\/\/eneriitta.fi\/?page_id=28"},"modified":"2023-01-06T20:17:42","modified_gmt":"2023-01-06T18:17:42","slug":"yhteystiedot","status":"publish","type":"page","link":"https:\/\/eneriitta.fi\/index.php\/yhteystiedot\/","title":{"rendered":"Yhteystiedot"},"content":{"rendered":"<p><a href=\"http:\/\/eneriitta.fi\/wp-content\/uploads\/2018\/05\/Riitta.jpg\"><img decoding=\"async\" loading=\"lazy\" class=\"alignnone size-medium wp-image-177\" src=\"http:\/\/eneriitta.fi\/wp-content\/uploads\/2018\/05\/Riitta-217x300.jpg\" alt=\"\" width=\"217\" height=\"300\" srcset=\"https:\/\/eneriitta.fi\/wp-content\/uploads\/2018\/05\/Riitta-217x300.jpg 217w, https:\/\/eneriitta.fi\/wp-content\/uploads\/2018\/05\/Riitta.jpg 609w\" sizes=\"(max-width: 217px) 100vw, 217px\" \/><\/a><\/p>\n<p><strong>Riitta Pappinen<\/strong><\/p>\n<p>koulutettu hieroja<br \/>\nVoiceWell<b>\u00ae<\/b> -hieroja<br \/>\nDNT\u00ae (<em>Dry needling terapeutti<\/em>)<br \/>\njalkahoidon AT<br \/>\nluontaishoitaja<\/p>\n<p><a href=\"https:\/\/api.whatsapp.com\/send?phone=358503058115\">WhatsApp sovelluksella viesti<\/a><br \/>\n050 305 8115<br \/>\n<a href=\"mailto:riitta@eneriitta.fi\">riitta@eneriitta.fi<\/a><br \/>\nSignal &#8211; turvallinen pikaviesti<\/p>\n<p><a href=\"https:\/\/www.facebook.com\/EneRiitta\">Facebook<br \/>\n<\/a><a href=\"https:\/\/twitter.com\/riittapappinen\">Twitter<\/a><\/p>\n<p>Osoite 16.6.2022 alkaen<br \/>\nSuvantokatu 1, 80100 Joensuu (ajanvarauksella)<\/p>\n<p>Yritys sijaitsi aikaisemmin osoitteessa<br \/>\nKoulukatu 47a, 80100 Joensuu<\/p>\n<p>Teen my\u00f6s koti- ja yritysk\u00e4yntej\u00e4<\/p>\n<p><a href=\"https:\/\/www.google.fi\/maps\/place\/Suvantokatu+1,+80100+Joensuu\/@62.5980374,29.7583984,17z\/data=!3m1!4b1!4m5!3m4!1s0x469b867ca398ff07:0xf9a26bc13bde28fe!8m2!3d62.598035!4d29.7626257?hl=fi\">Kartta<\/a><\/p>\n","protected":false},"excerpt":{"rendered":"<p>Riitta Pappinen koulutettu hieroja VoiceWell\u00ae -hieroja DNT\u00ae (Dry needling terapeutti) jalkahoidon AT luontaishoitaja WhatsApp sovelluksella viesti 050 305 8115 riitta@eneriitta.fi Signal &#8211; turvallinen pikaviesti Facebook Twitter Osoite 16.6.2022 alkaen Suvantokatu 1, 80100 Joensuu (ajanvarauksella) Yritys sijaitsi aikaisemmin osoitteessa Koulukatu 47a, 80100 Joensuu Teen my\u00f6s koti- ja yritysk\u00e4yntej\u00e4 Kartta<\/p>\n","protected":false},"author":1,"featured_media":0,"parent":0,"menu_order":0,"comment_status":"closed","ping_status":"closed","template":"","meta":[],"_links":{"self":[{"href":"https:\/\/eneriitta.fi\/index.php\/wp-json\/wp\/v2\/pages\/28"}],"collection":[{"href":"https:\/\/eneriitta.fi\/index.php\/wp-json\/wp\/v2\/pages"}],"about":[{"href":"https:\/\/eneriitta.fi\/index.php\/wp-json\/wp\/v2\/types\/page"}],"author":[{"embeddable":true,"href":"https:\/\/eneriitta.fi\/index.php\/wp-json\/wp\/v2\/users\/1"}],"replies":[{"embeddable":true,"href":"https:\/\/eneriitta.fi\/index.php\/wp-json\/wp\/v2\/comments?post=28"}],"version-history":[{"count":25,"href":"https:\/\/eneriitta.fi\/index.php\/wp-json\/wp\/v2\/pages\/28\/revisions"}],"predecessor-version":[{"id":565,"href":"https:\/\/eneriitta.fi\/index.php\/wp-json\/wp\/v2\/pages\/28\/revisions\/565"}],"wp:attachment":[{"href":"https:\/\/eneriitta.fi\/index.php\/wp-json\/wp\/v2\/media?parent=28"}],"curies":[{"name":"wp","href":"https:\/\/api.w.org\/{rel}","templated":true}]}}