{"id":26,"date":"2015-08-04T19:38:11","date_gmt":"2015-08-04T16:38:11","guid":{"rendered":"http:\/\/eneriitta.fi\/?page_id=26"},"modified":"2024-01-01T18:08:57","modified_gmt":"2024-01-01T16:08:57","slug":"vyohyketerapia","status":"publish","type":"page","link":"https:\/\/eneriitta.fi\/index.php\/vyohyketerapia\/","title":{"rendered":"Vy\u00f6hyke-hoito"},"content":{"rendered":"<p>Vy\u00f6hyke-hoito on rentouttava luontaishoitomuoto, jonka juuret juontuvat tuhansien vuosien p\u00e4\u00e4h\u00e4n.\u00a0Varhaisimmat havainnot hoidosta ovat Pohjois-Amerikan intiaanien keskuudesta.<\/p>\n<p>Keho ajatellaan jakautuvan vy\u00f6hykkeisiin, joita voidaan k\u00e4sitell\u00e4 esimerkiksi jalkaterist\u00e4. Hoidossa k\u00e4sitell\u00e4\u00e4n jalkaterien, k\u00e4sien ja korvien alueita yksil\u00f6llisen tarpeen mukaan.<\/p>\n<p>Vy\u00f6hyke-hoito on heijastehoitoa hermoston ja meridiaanien kautta k\u00e4sitelt\u00e4v\u00e4\u00e4n alueeseen.<\/p>\n<p>Hoito rentouttaa ja aktivoi\u00a0kehoa parantamaan itse itsens\u00e4.<\/p>\n<p>Vy\u00f6hykehoidon kesto 1,5 h ja hinta 87 e.<\/p>\n<p>Tervetuloa koulutetun ammattilaisen hoitoon!<\/p>\n<pre><span style=\"font-size: small;\"><strong>Ajanvaraus<\/strong> \n<a href=\"https:\/\/api.whatsapp.com\/send?phone=358503058115\">WhatsApp sovelluksella viesti<\/a> \n050 305 8115\n<a href=\"mailto:riitta@eneriitta.fi\">riitta@eneriitta.fi<\/a>\nSignal - turvallinen pikaviesti<\/span><\/pre>\n","protected":false},"excerpt":{"rendered":"<p>Vy\u00f6hyke-hoito on rentouttava luontaishoitomuoto, jonka juuret juontuvat tuhansien vuosien p\u00e4\u00e4h\u00e4n.\u00a0Varhaisimmat havainnot hoidosta ovat Pohjois-Amerikan intiaanien keskuudesta. Keho ajatellaan jakautuvan vy\u00f6hykkeisiin, joita voidaan k\u00e4sitell\u00e4 esimerkiksi jalkaterist\u00e4. Hoidossa k\u00e4sitell\u00e4\u00e4n jalkaterien, k\u00e4sien ja korvien alueita yksil\u00f6llisen tarpeen mukaan. Vy\u00f6hyke-hoito on heijastehoitoa hermoston ja meridiaanien kautta k\u00e4sitelt\u00e4v\u00e4\u00e4n alueeseen. Hoito rentouttaa ja aktivoi\u00a0kehoa parantamaan itse itsens\u00e4. Vy\u00f6hykehoidon kesto 1,5 h &#8230; <a title=\"Vy\u00f6hyke-hoito\" class=\"read-more\" href=\"https:\/\/eneriitta.fi\/index.php\/vyohyketerapia\/\">Read more <span class=\"screen-reader-text\">Vy\u00f6hyke-hoito<\/span><\/a><\/p>\n","protected":false},"author":1,"featured_media":0,"parent":0,"menu_order":0,"comment_status":"closed","ping_status":"closed","template":"","meta":[],"_links":{"self":[{"href":"https:\/\/eneriitta.fi\/index.php\/wp-json\/wp\/v2\/pages\/26"}],"collection":[{"href":"https:\/\/eneriitta.fi\/index.php\/wp-json\/wp\/v2\/pages"}],"about":[{"href":"https:\/\/eneriitta.fi\/index.php\/wp-json\/wp\/v2\/types\/page"}],"author":[{"embeddable":true,"href":"https:\/\/eneriitta.fi\/index.php\/wp-json\/wp\/v2\/users\/1"}],"replies":[{"embeddable":true,"href":"https:\/\/eneriitta.fi\/index.php\/wp-json\/wp\/v2\/comments?post=26"}],"version-history":[{"count":11,"href":"https:\/\/eneriitta.fi\/index.php\/wp-json\/wp\/v2\/pages\/26\/revisions"}],"predecessor-version":[{"id":582,"href":"https:\/\/eneriitta.fi\/index.php\/wp-json\/wp\/v2\/pages\/26\/revisions\/582"}],"wp:attachment":[{"href":"https:\/\/eneriitta.fi\/index.php\/wp-json\/wp\/v2\/media?parent=26"}],"curies":[{"name":"wp","href":"https:\/\/api.w.org\/{rel}","templated":true}]}}