{"id":24,"date":"2015-08-04T19:37:40","date_gmt":"2015-08-04T16:37:40","guid":{"rendered":"http:\/\/eneriitta.fi\/?page_id=24"},"modified":"2023-01-06T20:11:02","modified_gmt":"2023-01-06T18:11:02","slug":"shiatsu","status":"publish","type":"page","link":"https:\/\/eneriitta.fi\/index.php\/shiatsu\/","title":{"rendered":"Shiatsu-hieronta"},"content":{"rendered":"<p><a href=\"http:\/\/eneriitta.fi\/wp-content\/uploads\/2015\/08\/shiatsu.jpg\"><img decoding=\"async\" loading=\"lazy\" class=\"size-full wp-image-107\" src=\"http:\/\/eneriitta.fi\/wp-content\/uploads\/2015\/08\/shiatsu.jpg\" alt=\"shiatsu\" width=\"200\" height=\"200\" srcset=\"https:\/\/eneriitta.fi\/wp-content\/uploads\/2015\/08\/shiatsu.jpg 200w, https:\/\/eneriitta.fi\/wp-content\/uploads\/2015\/08\/shiatsu-150x150.jpg 150w\" sizes=\"(max-width: 200px) 100vw, 200px\" \/><\/a><\/p>\n<p>Shiatsu rentouttaa ja saa kehon omat\u00a0parantavat energiat liikkeelle tasapainottaen kehoa ja mielt\u00e4.<\/p>\n<p>Asiakas lep\u00e4\u00e4 hoidon ajan pehme\u00e4ll\u00e4\u00a0shiatsu -patjalla mukavassa asennossa. Hoitaja k\u00e4sittelee lempe\u00e4sti varpaista ja sormista p\u00e4\u00e4h\u00e4n ulottuvat meridiaanit.<\/p>\n<p>Hoitoon kannattaa varustautua joustavin vaattein. Hoidon j\u00e4lkeinen ilta kannattaa varata rauhoittumiselle ja levolle.<\/p>\n<p>Valitettavasti Shiatsu on toistaiseksi tauolla.<\/p>\n<pre><span style=\"font-size: small;\"><strong>Ajanvaraus muihin hoitoihin<\/strong> \n<a href=\"https:\/\/api.whatsapp.com\/send?phone=358503058115\">WhatsApp sovelluksella viesti<\/a> \n050 305 8115\n<a href=\"mailto:riitta@eneriitta.fi\">riitta@eneriitta.fi<\/a>\nSignal - turvallinen pikaviesti<\/span><\/pre>\n","protected":false},"excerpt":{"rendered":"<p>Shiatsu rentouttaa ja saa kehon omat\u00a0parantavat energiat liikkeelle tasapainottaen kehoa ja mielt\u00e4. Asiakas lep\u00e4\u00e4 hoidon ajan pehme\u00e4ll\u00e4\u00a0shiatsu -patjalla mukavassa asennossa. Hoitaja k\u00e4sittelee lempe\u00e4sti varpaista ja sormista p\u00e4\u00e4h\u00e4n ulottuvat meridiaanit. Hoitoon kannattaa varustautua joustavin vaattein. Hoidon j\u00e4lkeinen ilta kannattaa varata rauhoittumiselle ja levolle. Valitettavasti Shiatsu on toistaiseksi tauolla. Ajanvaraus muihin hoitoihin WhatsApp sovelluksella viesti 050 305 &#8230; <a title=\"Shiatsu-hieronta\" class=\"read-more\" href=\"https:\/\/eneriitta.fi\/index.php\/shiatsu\/\">Read more <span class=\"screen-reader-text\">Shiatsu-hieronta<\/span><\/a><\/p>\n","protected":false},"author":1,"featured_media":0,"parent":0,"menu_order":0,"comment_status":"closed","ping_status":"closed","template":"","meta":[],"_links":{"self":[{"href":"https:\/\/eneriitta.fi\/index.php\/wp-json\/wp\/v2\/pages\/24"}],"collection":[{"href":"https:\/\/eneriitta.fi\/index.php\/wp-json\/wp\/v2\/pages"}],"about":[{"href":"https:\/\/eneriitta.fi\/index.php\/wp-json\/wp\/v2\/types\/page"}],"author":[{"embeddable":true,"href":"https:\/\/eneriitta.fi\/index.php\/wp-json\/wp\/v2\/users\/1"}],"replies":[{"embeddable":true,"href":"https:\/\/eneriitta.fi\/index.php\/wp-json\/wp\/v2\/comments?post=24"}],"version-history":[{"count":17,"href":"https:\/\/eneriitta.fi\/index.php\/wp-json\/wp\/v2\/pages\/24\/revisions"}],"predecessor-version":[{"id":559,"href":"https:\/\/eneriitta.fi\/index.php\/wp-json\/wp\/v2\/pages\/24\/revisions\/559"}],"wp:attachment":[{"href":"https:\/\/eneriitta.fi\/index.php\/wp-json\/wp\/v2\/media?parent=24"}],"curies":[{"name":"wp","href":"https:\/\/api.w.org\/{rel}","templated":true}]}}