{"id":22,"date":"2015-08-04T19:37:07","date_gmt":"2015-08-04T16:37:07","guid":{"rendered":"http:\/\/eneriitta.fi\/?page_id=22"},"modified":"2024-01-01T18:08:34","modified_gmt":"2024-01-01T16:08:34","slug":"lammin-bambukeppihieronta","status":"publish","type":"page","link":"https:\/\/eneriitta.fi\/index.php\/lammin-bambukeppihieronta\/","title":{"rendered":"L\u00e4mmin bambukeppihieronta"},"content":{"rendered":"<p>Bambuhieronnan hoitava vaikutus koostuu erilaisten hierontatekniikoiden k\u00e4yt\u00f6st\u00e4 ja l\u00e4mp\u00f6isist\u00e4 bambukepeist\u00e4, jotka rentouttavat kehon syvimpi\u00e4 kerroksia luoden tehokkaasti rentoutusta ja kehon tasapainoa. Keppien l\u00e4mp\u00f6 tunkeutuu lihasten syviin kerroksiin, vaikuttaen kehon sis\u00e4isiin energia virtoihin (Qi) ja tuoden esille kehon fysiologisia muutoksia, lis\u00e4ten siten tasapainoa sek\u00e4 keholle ett\u00e4 mielelle.<\/p>\n<p>L\u00e4mmin bambukeppihieronta 1,5 h hinta 87 e.<\/p>\n<p>Tervetuloa koulutetun ammattilaisen hoitoon!<\/p>\n<pre><span style=\"font-size: small;\"><strong>Ajanvaraus<\/strong> \n<a href=\"https:\/\/api.whatsapp.com\/send?phone=358503058115\">WhatsApp sovelluksella viesti<\/a> \n050 305 8115\n<a href=\"mailto:riitta@eneriitta.fi\">riitta@eneriitta.fi<\/a>\nSignal - turvallinen pikaviesti<\/span><\/pre>\n","protected":false},"excerpt":{"rendered":"<p>Bambuhieronnan hoitava vaikutus koostuu erilaisten hierontatekniikoiden k\u00e4yt\u00f6st\u00e4 ja l\u00e4mp\u00f6isist\u00e4 bambukepeist\u00e4, jotka rentouttavat kehon syvimpi\u00e4 kerroksia luoden tehokkaasti rentoutusta ja kehon tasapainoa. Keppien l\u00e4mp\u00f6 tunkeutuu lihasten syviin kerroksiin, vaikuttaen kehon sis\u00e4isiin energia virtoihin (Qi) ja tuoden esille kehon fysiologisia muutoksia, lis\u00e4ten siten tasapainoa sek\u00e4 keholle ett\u00e4 mielelle. L\u00e4mmin bambukeppihieronta 1,5 h hinta 87 e. Tervetuloa koulutetun &#8230; <a title=\"L\u00e4mmin bambukeppihieronta\" class=\"read-more\" href=\"https:\/\/eneriitta.fi\/index.php\/lammin-bambukeppihieronta\/\">Read more <span class=\"screen-reader-text\">L\u00e4mmin bambukeppihieronta<\/span><\/a><\/p>\n","protected":false},"author":1,"featured_media":0,"parent":0,"menu_order":0,"comment_status":"closed","ping_status":"closed","template":"","meta":[],"_links":{"self":[{"href":"https:\/\/eneriitta.fi\/index.php\/wp-json\/wp\/v2\/pages\/22"}],"collection":[{"href":"https:\/\/eneriitta.fi\/index.php\/wp-json\/wp\/v2\/pages"}],"about":[{"href":"https:\/\/eneriitta.fi\/index.php\/wp-json\/wp\/v2\/types\/page"}],"author":[{"embeddable":true,"href":"https:\/\/eneriitta.fi\/index.php\/wp-json\/wp\/v2\/users\/1"}],"replies":[{"embeddable":true,"href":"https:\/\/eneriitta.fi\/index.php\/wp-json\/wp\/v2\/comments?post=22"}],"version-history":[{"count":9,"href":"https:\/\/eneriitta.fi\/index.php\/wp-json\/wp\/v2\/pages\/22\/revisions"}],"predecessor-version":[{"id":581,"href":"https:\/\/eneriitta.fi\/index.php\/wp-json\/wp\/v2\/pages\/22\/revisions\/581"}],"wp:attachment":[{"href":"https:\/\/eneriitta.fi\/index.php\/wp-json\/wp\/v2\/media?parent=22"}],"curies":[{"name":"wp","href":"https:\/\/api.w.org\/{rel}","templated":true}]}}