{"id":180,"date":"2018-05-05T18:10:41","date_gmt":"2018-05-05T15:10:41","guid":{"rendered":"http:\/\/eneriitta.fi\/?page_id=180"},"modified":"2026-01-06T21:25:21","modified_gmt":"2026-01-06T19:25:21","slug":"minun-tarinani","status":"publish","type":"page","link":"https:\/\/eneriitta.fi\/index.php\/minun-tarinani\/","title":{"rendered":"Hoitajan tarina"},"content":{"rendered":"<p>Tekniikan ja auttamisen rinnalla kaikenlainen ongelmien ratkaisu ja turvallisuuteen liittyv\u00e4 ovat aina olleet l\u00e4hell\u00e4 syd\u00e4nt\u00e4ni.<\/p>\n<p>Tieni hoitajaksi alkoi taistelulajien harrastamisesta itsepuolustus- ja kuntoilumieless\u00e4. Kankea kehoni kaipasi elastisuutta.<\/p>\n<p>Tekniikasta kiinnostuneena kehon toiminta kiehtoi. Lihasketjuk\u00e4sityksi\u00e4 syvent\u00e4\u00e4kseni k\u00e4vin teoreettisen anatomiakurssin, josta syttyi ajatus p\u00e4\u00e4st\u00e4 iholle.<\/p>\n<p>Syksyll\u00e4 2014 toteutui unelmani hieroja- ja luontaishoitajakoulutusten kautta. Sain turvallisen pohjan ongelmien ratkaisuun.<\/p>\n<p>T\u00e4ss\u00e4 vaiheessa minun k\u00e4sist\u00e4ni kuoriutuivat hoitajan k\u00e4det ja ruokahalu kokonaisuuden hahmottamiseen lis\u00e4\u00e4ntyi.<\/p>\n<p>Koulutettuna hierojana olen sitoutunut kouluttamaan itse\u00e4ni s\u00e4\u00e4nn\u00f6llisesti ja t\u00e4h\u00e4n virtaan olen itseni imaissut innolla.<\/p>\n<p>Syksyll\u00e4 2015 hakeuduin jalkahoitajan ammattitutkintokoulutukseen. P\u00e4ivitin jalkahoitotaitojani tukkumyyj\u00e4n koulutuksissa 2019, 2020 ja 2023.<\/p>\n<p>Hieronnan osalta l\u00e4hdin t\u00e4ydent\u00e4m\u00e4\u00e4n osaamistani purennan ja \u00e4\u00e4nen hoitamiseen syksyll\u00e4 2015 <a href=\"http:\/\/www.voicewell.fi\/index.php\" target=\"_blank\" rel=\"noopener noreferrer\">VoiceWell<b>\u00ae<\/b><\/a> \u2013tekniikoiden kautta. N\u00e4it\u00e4 taitoja p\u00e4ivit\u00e4n s\u00e4\u00e4nn\u00f6llisesti viimeisimp\u00e4n\u00e4 syksyll\u00e4 2022 suuterveyden haasteiden osalta ja \u00e4\u00e4nenhuollon osalta 2023-2024.<\/p>\n<p>2018 vahvistin mobilisointiosaamistani t\u00e4ydennyskoulutuksessa.\u00a0<\/p>\n<p>Olen <a href=\"https:\/\/www.khl.fi\/\">koulutettujen hierojien liiton j\u00e4sen<\/a>. Koulutusp\u00e4iville osallistumiset: 2019, verkkokoulutus 2021, kev\u00e4t ja syksy 2023, syksy 2024 ja syksy 2025.<\/p>\n<p><a href=\"https:\/\/www.dryneedling.fi\/dry-needling\/\" target=\"_blank\" rel=\"noopener noreferrer\">DryNeedling<\/a> -koulutus 2018-19, <a href=\"https:\/\/www.dryneedling.fi\/blog\/\">DNT<b>\u00ae<\/b><\/a> (DryNeedling\u00ae<b> &#8211;<\/b>terapeutti nimike 2021),\u00a0 Masterclass2 Tampere 3\/2023, obduktio Tarto 5\/2023, Professional p\u00e4ivitys Espoo ja Masterclass1 Fuengirola 6\/2024. DryNeedling -yhdistyksen jatkokoulutukset: 2019, 2020, 2021, 2022, 2023, 2024 ja 2025.<\/p>\n<p><a href=\"https:\/\/www.hoitavahengitys.fi\/\">Hoitava Hengitys HB\u00ae<\/a> -ohjaajakoulutus 2019 ja t\u00e4ydennyskoulutus 2020.<\/p>\n<p>Olen l\u00f6yt\u00e4nyt jatkuvan henkil\u00f6kohtaisen kehittymiseni polun, tien, puron. Olen kiitollinen jokaisesta hetkest\u00e4, jonka saan kulkea rinnallasi ja edist\u00e4\u00e4 sinun terveytt\u00e4si.<\/p>\n<p>Syd\u00e4mmellisesti tervetuloa yksil\u00f6lliseen hoitoon!<\/p>\n<pre><span style=\"font-size: small;\"><strong>Ajanvaraus<\/strong> \n<a href=\"https:\/\/api.whatsapp.com\/send?phone=358503058115\">WhatsApp sovelluksella viesti<\/a> <br \/>050 305 8115<br \/><a href=\"mailto:riitta@eneriitta.fi\">riitta@eneriitta.fi<\/a><br \/>Signal - turvallinen pikaviesti<\/span><\/pre>\n\n\n<p><\/p>\n","protected":false},"excerpt":{"rendered":"<p>Tekniikan ja auttamisen rinnalla kaikenlainen ongelmien ratkaisu ja turvallisuuteen liittyv\u00e4 ovat aina olleet l\u00e4hell\u00e4 syd\u00e4nt\u00e4ni. Tieni hoitajaksi alkoi taistelulajien harrastamisesta itsepuolustus- ja kuntoilumieless\u00e4. Kankea kehoni kaipasi elastisuutta. Tekniikasta kiinnostuneena kehon toiminta kiehtoi. Lihasketjuk\u00e4sityksi\u00e4 syvent\u00e4\u00e4kseni k\u00e4vin teoreettisen anatomiakurssin, josta syttyi ajatus p\u00e4\u00e4st\u00e4 iholle. Syksyll\u00e4 2014 toteutui unelmani hieroja- ja luontaishoitajakoulutusten kautta. Sain turvallisen pohjan ongelmien ratkaisuun. &#8230; <a title=\"Hoitajan tarina\" class=\"read-more\" href=\"https:\/\/eneriitta.fi\/index.php\/minun-tarinani\/\">Read more <span class=\"screen-reader-text\">Hoitajan tarina<\/span><\/a><\/p>\n","protected":false},"author":1,"featured_media":0,"parent":0,"menu_order":0,"comment_status":"closed","ping_status":"closed","template":"","meta":[],"_links":{"self":[{"href":"https:\/\/eneriitta.fi\/index.php\/wp-json\/wp\/v2\/pages\/180"}],"collection":[{"href":"https:\/\/eneriitta.fi\/index.php\/wp-json\/wp\/v2\/pages"}],"about":[{"href":"https:\/\/eneriitta.fi\/index.php\/wp-json\/wp\/v2\/types\/page"}],"author":[{"embeddable":true,"href":"https:\/\/eneriitta.fi\/index.php\/wp-json\/wp\/v2\/users\/1"}],"replies":[{"embeddable":true,"href":"https:\/\/eneriitta.fi\/index.php\/wp-json\/wp\/v2\/comments?post=180"}],"version-history":[{"count":30,"href":"https:\/\/eneriitta.fi\/index.php\/wp-json\/wp\/v2\/pages\/180\/revisions"}],"predecessor-version":[{"id":608,"href":"https:\/\/eneriitta.fi\/index.php\/wp-json\/wp\/v2\/pages\/180\/revisions\/608"}],"wp:attachment":[{"href":"https:\/\/eneriitta.fi\/index.php\/wp-json\/wp\/v2\/media?parent=180"}],"curies":[{"name":"wp","href":"https:\/\/api.w.org\/{rel}","templated":true}]}}