{"id":18,"date":"2015-08-04T19:35:54","date_gmt":"2015-08-04T16:35:54","guid":{"rendered":"http:\/\/eneriitta.fi\/?page_id=18"},"modified":"2023-01-06T20:14:39","modified_gmt":"2023-01-06T18:14:39","slug":"jang-su-terveysliikuntaohjaus","status":"publish","type":"page","link":"https:\/\/eneriitta.fi\/index.php\/jang-su-terveysliikuntaohjaus\/","title":{"rendered":"Jang Su \u2013terveysliikuntaohjaus"},"content":{"rendered":"<p>Jang Su -terveysliikunnassa jokainen taistelee oman itsens\u00e4 kanssa omalla tasollaan voittaakseen oman kehon ja mielen heikkoudet. Laji sopii kaikenik\u00e4isille ja ennalta ehk\u00e4isee muun muassa tuki- ja liikuntaelinsairauksia. Laji tukee muita liikuntalajeja ja kehonhuoltoa. Sopii eritt\u00e4in hyvin pariskuntien yhteiseksi harrastukseksi. Jang Su sopii eritt\u00e4in hyvin yrityksen ty\u00f6hyvinvointia lis\u00e4\u00e4v\u00e4ksi liikunnaksi.<\/p>\n<p>Lis\u00e4tietoja lajista<br \/>\n<a href=\"http:\/\/www.jangsu.fi\/\" target=\"_blank\" rel=\"noopener\">Jang Su Terveysliikunta<\/a><\/p>\n<pre><span style=\"font-size: small;\"><strong>Riitta Pappinen<\/strong> \n<a href=\"https:\/\/api.whatsapp.com\/send?phone=358503058115\">WhatsApp sovelluksella viesti<\/a> \n050 305 8115\n<a href=\"mailto:riitta@eneriitta.fi\">riitta@eneriitta.fi<\/a>\nSignal - turvallinen pikaviesti<\/span><\/pre>\n","protected":false},"excerpt":{"rendered":"<p>Jang Su -terveysliikunnassa jokainen taistelee oman itsens\u00e4 kanssa omalla tasollaan voittaakseen oman kehon ja mielen heikkoudet. Laji sopii kaikenik\u00e4isille ja ennalta ehk\u00e4isee muun muassa tuki- ja liikuntaelinsairauksia. Laji tukee muita liikuntalajeja ja kehonhuoltoa. Sopii eritt\u00e4in hyvin pariskuntien yhteiseksi harrastukseksi. Jang Su sopii eritt\u00e4in hyvin yrityksen ty\u00f6hyvinvointia lis\u00e4\u00e4v\u00e4ksi liikunnaksi. Lis\u00e4tietoja lajista Jang Su Terveysliikunta Riitta Pappinen &#8230; <a title=\"Jang Su \u2013terveysliikuntaohjaus\" class=\"read-more\" href=\"https:\/\/eneriitta.fi\/index.php\/jang-su-terveysliikuntaohjaus\/\">Read more <span class=\"screen-reader-text\">Jang Su \u2013terveysliikuntaohjaus<\/span><\/a><\/p>\n","protected":false},"author":1,"featured_media":0,"parent":0,"menu_order":0,"comment_status":"closed","ping_status":"closed","template":"","meta":[],"_links":{"self":[{"href":"https:\/\/eneriitta.fi\/index.php\/wp-json\/wp\/v2\/pages\/18"}],"collection":[{"href":"https:\/\/eneriitta.fi\/index.php\/wp-json\/wp\/v2\/pages"}],"about":[{"href":"https:\/\/eneriitta.fi\/index.php\/wp-json\/wp\/v2\/types\/page"}],"author":[{"embeddable":true,"href":"https:\/\/eneriitta.fi\/index.php\/wp-json\/wp\/v2\/users\/1"}],"replies":[{"embeddable":true,"href":"https:\/\/eneriitta.fi\/index.php\/wp-json\/wp\/v2\/comments?post=18"}],"version-history":[{"count":7,"href":"https:\/\/eneriitta.fi\/index.php\/wp-json\/wp\/v2\/pages\/18\/revisions"}],"predecessor-version":[{"id":462,"href":"https:\/\/eneriitta.fi\/index.php\/wp-json\/wp\/v2\/pages\/18\/revisions\/462"}],"wp:attachment":[{"href":"https:\/\/eneriitta.fi\/index.php\/wp-json\/wp\/v2\/media?parent=18"}],"curies":[{"name":"wp","href":"https:\/\/api.w.org\/{rel}","templated":true}]}}