{"id":15,"date":"2015-08-04T19:34:33","date_gmt":"2015-08-04T16:34:33","guid":{"rendered":"http:\/\/eneriitta.fi\/?page_id=15"},"modified":"2025-01-01T18:02:13","modified_gmt":"2025-01-01T16:02:13","slug":"hieronta","status":"publish","type":"page","link":"https:\/\/eneriitta.fi\/index.php\/hieronta\/","title":{"rendered":"Hieronta"},"content":{"rendered":"<figure id=\"attachment_378\" aria-describedby=\"caption-attachment-378\" style=\"width: 190px\" class=\"wp-caption alignnone\"><a href=\"https:\/\/eneriitta.fi\/wp-content\/uploads\/2020\/09\/hieronta.jpg\"><img decoding=\"async\" loading=\"lazy\" class=\"wp-image-378\" src=\"https:\/\/eneriitta.fi\/wp-content\/uploads\/2020\/09\/hieronta.jpg\" alt=\"\" width=\"200\" height=\"267\" \/><\/a><figcaption id=\"caption-attachment-378\" class=\"wp-caption-text\">VoiceWell<b>\u00ae<\/b> &#8211; hieronta<\/figcaption><\/figure>\n<p><span style=\"font-weight: 400;\">Kuinka voin olla avuksi?<\/span><\/p>\n<p>Onpa tarve helpottaa niska-hartia, p\u00e4\u00e4nalue, ala- tai yl\u00e4selk\u00e4, jalka tai k\u00e4sien alueen kipuja\/kireyksi\u00e4, niin ty\u00f6kalupakistani l\u00f6ytyy sinun tarpeisiisi sopiva yksil\u00f6llinen <strong>klassinen hieronta<\/strong>.<\/p>\n<p>Akupunktioneulat <strong>DryNeedling<\/strong>-tekniikalla ovat tarvittaessa apuna lihashuollossa.<\/p>\n<p><strong>VoiceWell<b>\u00ae<\/b><\/strong> on erityisesti \u00e4\u00e4ni-, hengitys-, purenta- ja nielemisongelmiin k\u00e4ytetty hoitomuoto. Kokonaisuuteen kuuluu my\u00f6s lantion, sel\u00e4n, k\u00e4sien tai jalkojen hoito tarvittaessa.<\/p>\n<p>\u2022 VoiceWell<b>\u00ae<\/b> soveltuu kaikille kehon perushuolloksi.<br \/>\u2022 Poistaa j\u00e4nnitystiloja kehosta ja lis\u00e4\u00e4 siten yleist\u00e4 hyvinvointia.<br \/>\u2022 Helpottaa \u00e4\u00e4nentuottoa ja hengityst\u00e4.<br \/>\u2022 V\u00e4hent\u00e4\u00e4 purentalihasj\u00e4nnityksi\u00e4 ja niist\u00e4 aiheutuvia kiputiloja.<br \/>\u2022 On kehon huoltoa ty\u00f6kyvyn yll\u00e4pit\u00e4miseksi.<br \/>\u2022 Lis\u00e4\u00e4 tietoisuutta omasta kehosta ja \u00e4\u00e4nentuottotavasta.<br \/>\u2022 Sis\u00e4lt\u00e4\u00e4 erilaisia manuaalisia hoitomenetelmi\u00e4, esim. perinteist\u00e4 tai mobilisoivaa hierontaa, faskia (sidekudos-) ja nivelk\u00e4sittely\u00e4.<\/p>\n<p>Hoidettavia alueita ovat<br \/>\u2022 Erityisesti rintakeh\u00e4, niska, kaula, kurkunp\u00e4\u00e4, purentalihakset, leukanivel ja kieli.<br \/>\u2022 \u00c4\u00e4nt\u00e4 hoidettaessa ne lihakset ja rakenteet, joilla on v\u00e4lit\u00f6n yhteys kurkunp\u00e4\u00e4n, purennan, leukojen ja kielen toimintoihin.<br \/>\u2022 Asento- ja ryhtimuutokset vaativat aina my\u00f6s sel\u00e4n ja lantion sek\u00e4 tarpeen mukaan k\u00e4sien ja jalkojen hoitoa.<\/p>\n<p><span style=\"font-weight: 400;\">Hieronta ja VoiceWell<b>\u00ae<\/b>-hieronta 60 e\/tunti ja 87 e\/1,5 tuntia. Tarvittaessa on mahdollinen my\u00f6s kahden tunnin hieronta 117 e.<\/span><\/p>\n<p>Tervetuloa koulutetun hierojan hoitoon!\u00a0<\/p>\n<p>\u00a0<\/p>\n<pre><span style=\"font-size: small;\"><strong>Ajanvaraus<\/strong> \n<a href=\"https:\/\/api.whatsapp.com\/send?phone=358503058115\">WhatsApp sovelluksella viesti<\/a> <br \/>050 305 8115<br \/><a href=\"mailto:riitta@eneriitta.fi\">riitta@eneriitta.fi<\/a><br \/>Signal - turvallinen pikaviesti<br \/><br \/><em>*Kiitos VoiceWell\u00ae kehitt\u00e4j\u00e4t Kirsi Vaalio ja Kirsti Lepp\u00e4nen<\/em>*<br \/><\/span><\/pre>\n\n\n<p><\/p>\n","protected":false},"excerpt":{"rendered":"<p>Kuinka voin olla avuksi? Onpa tarve helpottaa niska-hartia, p\u00e4\u00e4nalue, ala- tai yl\u00e4selk\u00e4, jalka tai k\u00e4sien alueen kipuja\/kireyksi\u00e4, niin ty\u00f6kalupakistani l\u00f6ytyy sinun tarpeisiisi sopiva yksil\u00f6llinen klassinen hieronta. Akupunktioneulat DryNeedling-tekniikalla ovat tarvittaessa apuna lihashuollossa. VoiceWell\u00ae on erityisesti \u00e4\u00e4ni-, hengitys-, purenta- ja nielemisongelmiin k\u00e4ytetty hoitomuoto. Kokonaisuuteen kuuluu my\u00f6s lantion, sel\u00e4n, k\u00e4sien tai jalkojen hoito tarvittaessa. \u2022 VoiceWell\u00ae soveltuu &#8230; <a title=\"Hieronta\" class=\"read-more\" href=\"https:\/\/eneriitta.fi\/index.php\/hieronta\/\">Read more <span class=\"screen-reader-text\">Hieronta<\/span><\/a><\/p>\n","protected":false},"author":1,"featured_media":0,"parent":0,"menu_order":0,"comment_status":"closed","ping_status":"closed","template":"","meta":[],"_links":{"self":[{"href":"https:\/\/eneriitta.fi\/index.php\/wp-json\/wp\/v2\/pages\/15"}],"collection":[{"href":"https:\/\/eneriitta.fi\/index.php\/wp-json\/wp\/v2\/pages"}],"about":[{"href":"https:\/\/eneriitta.fi\/index.php\/wp-json\/wp\/v2\/types\/page"}],"author":[{"embeddable":true,"href":"https:\/\/eneriitta.fi\/index.php\/wp-json\/wp\/v2\/users\/1"}],"replies":[{"embeddable":true,"href":"https:\/\/eneriitta.fi\/index.php\/wp-json\/wp\/v2\/comments?post=15"}],"version-history":[{"count":39,"href":"https:\/\/eneriitta.fi\/index.php\/wp-json\/wp\/v2\/pages\/15\/revisions"}],"predecessor-version":[{"id":597,"href":"https:\/\/eneriitta.fi\/index.php\/wp-json\/wp\/v2\/pages\/15\/revisions\/597"}],"wp:attachment":[{"href":"https:\/\/eneriitta.fi\/index.php\/wp-json\/wp\/v2\/media?parent=15"}],"curies":[{"name":"wp","href":"https:\/\/api.w.org\/{rel}","templated":true}]}}