{"id":122,"date":"2017-11-12T15:38:54","date_gmt":"2017-11-12T13:38:54","guid":{"rendered":"http:\/\/eneriitta.fi\/?page_id=122"},"modified":"2023-01-06T20:13:24","modified_gmt":"2023-01-06T18:13:24","slug":"tarinat","status":"publish","type":"page","link":"https:\/\/eneriitta.fi\/index.php\/tarinat\/","title":{"rendered":"Asiakkaiden tarinat"},"content":{"rendered":"<p>\u201dPuolisoni osti minulle syntym\u00e4p\u00e4iv\u00e4lahjaksi lahjakortin Riitalle. Hieman pelotti menn\u00e4 hierojalle, koska en ollut<br \/>\naiemmin k\u00e4ynyt. Minulla oli useamman vuoden ajan kipuja mm. hartioissa, p\u00e4\u00e4nahassa, lavoissa, k\u00e4siss\u00e4, olkap\u00e4\u00e4ss\u00e4&nbsp;ja korvissa. Onneksi puolisoni osti minulle lahjakortin. Kaikki n\u00e4m\u00e4 vaivat j\u00e4iv\u00e4t Riitan hierontap\u00f6yd\u00e4lle. Lis\u00e4ksi ryhtini&nbsp;parantui huomattavasti. Luulin, ett\u00e4 huono ryhti oli osa minua, mutta se johtuikin lihasten kireydest\u00e4. Ihmeellisint\u00e4 oli,&nbsp;ett\u00e4 hieronta ei sattunut minuun, olen melko herkk\u00e4nahkainen. Tuntui, ett\u00e4 olen asiantuntevissa ja turvallisissa&nbsp;k\u00e4siss\u00e4.\u201d<br \/>\n&#8211; Taija &#8211;<\/p>\n<p>\u201dEtsin hierojaa, kun olin jumissa v\u00e4h\u00e4n joka paikasta. Ty\u00f6kaverini suositteli Riittaa ja&nbsp;antoi puhelinnumeron. Soitin ja&nbsp;varasin ajan. Ensimm\u00e4iset kerrat tuntuivat silt\u00e4, ett\u00e4 ei ikin\u00e4 en\u00e4\u00e4 mutta nyt kun olen k\u00e4ynyt pidemm\u00e4n aikaa kerran&nbsp;kuukaudessa, niin en voi olla en\u00e4\u00e4 ilman joka kuukautista hierontatuokiota. Tietysti jumeja syntyy miun ty\u00f6n takia,&nbsp;mutta en oo en\u00e4\u00e4 niin juntturassa kun silloin alussa. Oon k\u00e4yny muuallakin hierottavana aiemmin, mutta t\u00e4ytyy&nbsp;sanoa, ett\u00e4 Riitta on paras. L\u00f6yt\u00e4\u00e4 joka kerran ne imel\u00e4t paikat joita t\u00e4ytyy mutkutella.\u201d<br \/>\n&#8211; Mervi &#8211;<\/p>\n<p>\u201dOngelmanani oli reilun kuukauden yht\u00e4jaksoinen p\u00e4\u00e4ns\u00e4rky. Sairaalassa otettiin kaikki mahdolliset kokeet<br \/>\nmagneettikuvia ja selk\u00e4ydinnestett\u00e4 my\u00f6ten, mit\u00e4\u00e4n ei l\u00f6ytynyt. \u00c4itini vinkkasi, ett\u00e4 on olemassa purentahierontaa ja&nbsp;Riitta Pappinen tekee sit\u00e4. Innostuin ja p\u00e4\u00e4tin kokeilla, josko hoidosta olisi minulle apua. P\u00e4\u00e4sin Riitan Voice well-hoidolla p\u00e4\u00e4ns\u00e4ryst\u00e4 eroon. Hoitomuoto on hyvin miellytt\u00e4v\u00e4 ja silmi\u00e4 avaava. Riitan k\u00e4siss\u00e4 on mielet\u00f6n taika, otteet&nbsp;ovat eritt\u00e4in miellytt\u00e4vi\u00e4.\u201d<br \/>\n&#8211; Ilona&nbsp;&#8211;<\/p>\n<p>\u201dEnsin jumiutui selk\u00e4, hieronta auttoi, sitten otin hierontaa my\u00f6s niska-hartia-vaivoihin. Kaularangan alin tai selk\u00e4rangan ylin nikama kului ja v\u00e4lilevy pullistui. Taas piti hieroa ja venytell\u00e4. Sitten katkesi jalka, t\u00e4m\u00e4 vaati jo pitk\u00e4aikaista hoitoa. Sairastuin astmaan, vaivoihin auttoi kiinalainen akupainanta ja japanilainen Shiatsu. Rupesin k\u00e4ym\u00e4\u00e4n s\u00e4\u00e4nn\u00f6llisesti kokovartalohieronnassa ja ep\u00e4s\u00e4\u00e4nn\u00f6llisesti Shiatsussa.\u201d<br \/>\n\u201dEnsin hain sijaista, kun vakituinen hieroja oli kes\u00e4lomalla. Sitten huomasin, ett\u00e4 Riitta hallitsee niin klassisen hieronnan kuin Shiatsunkin. Kun kyselin aikoja, Riitta kertoi VoiceWell-menetelm\u00e4st\u00e4.\u201d<br \/>\n\u201dKoen hoidon minulle sopivaksi, koska siin\u00e4 pystyy ottamaan huomioon jalkojen virheasennoista ja kaularangan nikaman pullistumasta aiheutuneet j\u00e4nnitykset sek\u00e4 my\u00f6s yskimisest\u00e4 aiheutuvat rintalihasten kipeytymiset. Saan ik\u00e4\u00e4n kuin kerralla Shiatsun ja klassisen hieronnan.\u201d<br \/>\n\u201dHieronnassa ja luontaishoidoissa on hyv\u00e4\u00e4 sekin, ett\u00e4 voi keskustella hoitajan kanssa mist\u00e4 tahansa, eik\u00e4 asiat levi\u00e4 pidemm\u00e4lle. On kuin saisi psykoterapiaa samalla. My\u00f6sk\u00e4\u00e4n toisen ihmisen kosketusta ei pid\u00e4 v\u00e4h\u00e4tell\u00e4. Hieronnassa on lupa koskea. Hoidon j\u00e4lkeen on kauan hyv\u00e4 olo, uni maistuu, verenpaine on kurissa ja jalat pysyv\u00e4t l\u00e4mpimin\u00e4, kun veri kiert\u00e4\u00e4. Parasta on juuri tuo hyv\u00e4n olon tunne.\u201d<br \/>\n&#8211; Matti &#8211;<\/p>\n<p>\u201dL\u00e4hdin hakemaan apua \u00e4\u00e4nenk\u00e4ytt\u00f6\u00f6n liittyvien lihasten rentoutukseen ja mm. niska-hartiaseudun j\u00e4nnitystilaan koska laulan melko paljon.\u201d<br \/>\n\u201dSain vinkin toiselta hoitajalta joka suositteli EneRiittaa kun h\u00e4n itse oli lomalla.\u201d<br \/>\n\u201dHoito on ollut hyvin rentouttavaa ja kokonaisvaltaista ja kipeit\u00e4 paikkoja on l\u00f6ytynyt paljon ymp\u00e4ri kehoa, mutta se hoidon j\u00e4lkeinen rentouden tunne on se mik\u00e4 tuo hyv\u00e4n olon ja \u00e4\u00e4ni kulkee hoidon j\u00e4lkeen tosi hyvin koska laulajahan k\u00e4ytt\u00e4\u00e4 koko kehoa \u00e4\u00e4nentuottoon.\u201d<br \/>\n\u201dEhdottomasti suosittelen kaikille \u00e4\u00e4nity\u00f6l\u00e4isille, laulajille kuin muillekin EneRiitan hoitoja.\u201d<br \/>\n&#8211; Nm. Laulajapoika &#8211;<\/p>\n<pre><span style=\"font-size: small;\"><strong>Ajanvaraus<\/strong> \n<a href=\"https:\/\/api.whatsapp.com\/send?phone=358503058115\">WhatsApp sovelluksella viesti<\/a> \n050 305 8115\n<a href=\"mailto:riitta@eneriitta.fi\">riitta@eneriitta.fi<\/a>\nSignal - turvallinen pikaviesti<\/span><\/pre>\n","protected":false},"excerpt":{"rendered":"<p>\u201dPuolisoni osti minulle syntym\u00e4p\u00e4iv\u00e4lahjaksi lahjakortin Riitalle. Hieman pelotti menn\u00e4 hierojalle, koska en ollut aiemmin k\u00e4ynyt. Minulla oli useamman vuoden ajan kipuja mm. hartioissa, p\u00e4\u00e4nahassa, lavoissa, k\u00e4siss\u00e4, olkap\u00e4\u00e4ss\u00e4&nbsp;ja korvissa. Onneksi puolisoni osti minulle lahjakortin. Kaikki n\u00e4m\u00e4 vaivat j\u00e4iv\u00e4t Riitan hierontap\u00f6yd\u00e4lle. Lis\u00e4ksi ryhtini&nbsp;parantui huomattavasti. Luulin, ett\u00e4 huono ryhti oli osa minua, mutta se johtuikin lihasten kireydest\u00e4. Ihmeellisint\u00e4 &#8230; <a title=\"Asiakkaiden tarinat\" class=\"read-more\" href=\"https:\/\/eneriitta.fi\/index.php\/tarinat\/\">Read more <span class=\"screen-reader-text\">Asiakkaiden tarinat<\/span><\/a><\/p>\n","protected":false},"author":1,"featured_media":0,"parent":0,"menu_order":0,"comment_status":"closed","ping_status":"closed","template":"","meta":[],"_links":{"self":[{"href":"https:\/\/eneriitta.fi\/index.php\/wp-json\/wp\/v2\/pages\/122"}],"collection":[{"href":"https:\/\/eneriitta.fi\/index.php\/wp-json\/wp\/v2\/pages"}],"about":[{"href":"https:\/\/eneriitta.fi\/index.php\/wp-json\/wp\/v2\/types\/page"}],"author":[{"embeddable":true,"href":"https:\/\/eneriitta.fi\/index.php\/wp-json\/wp\/v2\/users\/1"}],"replies":[{"embeddable":true,"href":"https:\/\/eneriitta.fi\/index.php\/wp-json\/wp\/v2\/comments?post=122"}],"version-history":[{"count":10,"href":"https:\/\/eneriitta.fi\/index.php\/wp-json\/wp\/v2\/pages\/122\/revisions"}],"predecessor-version":[{"id":460,"href":"https:\/\/eneriitta.fi\/index.php\/wp-json\/wp\/v2\/pages\/122\/revisions\/460"}],"wp:attachment":[{"href":"https:\/\/eneriitta.fi\/index.php\/wp-json\/wp\/v2\/media?parent=122"}],"curies":[{"name":"wp","href":"https:\/\/api.w.org\/{rel}","templated":true}]}}