{"id":11,"date":"2015-08-04T19:31:51","date_gmt":"2015-08-04T16:31:51","guid":{"rendered":"http:\/\/eneriitta.fi\/?page_id=11"},"modified":"2025-01-01T18:00:41","modified_gmt":"2025-01-01T16:00:41","slug":"energiahoito","status":"publish","type":"page","link":"https:\/\/eneriitta.fi\/index.php\/energiahoito\/","title":{"rendered":"Energiahoito"},"content":{"rendered":"<p><strong>BodyMind Energy Balancing Method<\/strong> hoitaa kehoa ja mielt\u00e4. Hoito perustuu ymm\u00e4rrykseen siit\u00e4, miten kehon hermoj\u00e4rjestelm\u00e4 ja erityisesti autonominen hermosto vaikuttaa koko kehon toimintaan ja jopa kehon asennon yll\u00e4pit\u00e4miseen.<\/p>\n<p>Koulutusten ja hoitokokemusten my\u00f6t\u00e4 menetelm\u00e4st\u00e4 on kehittynyt vuosien my\u00f6t\u00e4 tehokas kokonaisuus, jolla pystyt\u00e4\u00e4n auttamaan fyysisiss\u00e4 ja tunnepuolen ongelmissa. Voidaan saavuttaa menneisyydess\u00e4 syntyneit\u00e4 henkisi\u00e4 lukkoja, jotka saattavat oireilla fyysisess\u00e4 kehossa erilaisina j\u00e4nnittein\u00e4.<\/p>\n<p>Hoitokerran hinta 67 e.<\/p>\n<p>Tervetuloa koulutetun ammattilaisen hoitoon!<\/p>\n<pre><span style=\"font-size: small;\"><strong>Ajanvaraus<\/strong> \n<a href=\"https:\/\/api.whatsapp.com\/send?phone=358503058115\">WhatsApp sovelluksella viesti<\/a> \n050 305 8115\n<a href=\"mailto:riitta@eneriitta.fi\">riitta@eneriitta.fi<\/a>\nSignal - turvallinen pikaviesti<\/span><\/pre>\n","protected":false},"excerpt":{"rendered":"<p>BodyMind Energy Balancing Method hoitaa kehoa ja mielt\u00e4. Hoito perustuu ymm\u00e4rrykseen siit\u00e4, miten kehon hermoj\u00e4rjestelm\u00e4 ja erityisesti autonominen hermosto vaikuttaa koko kehon toimintaan ja jopa kehon asennon yll\u00e4pit\u00e4miseen. Koulutusten ja hoitokokemusten my\u00f6t\u00e4 menetelm\u00e4st\u00e4 on kehittynyt vuosien my\u00f6t\u00e4 tehokas kokonaisuus, jolla pystyt\u00e4\u00e4n auttamaan fyysisiss\u00e4 ja tunnepuolen ongelmissa. Voidaan saavuttaa menneisyydess\u00e4 syntyneit\u00e4 henkisi\u00e4 lukkoja, jotka saattavat oireilla &#8230; <a title=\"Energiahoito\" class=\"read-more\" href=\"https:\/\/eneriitta.fi\/index.php\/energiahoito\/\">Read more <span class=\"screen-reader-text\">Energiahoito<\/span><\/a><\/p>\n","protected":false},"author":1,"featured_media":0,"parent":0,"menu_order":0,"comment_status":"closed","ping_status":"closed","template":"","meta":[],"_links":{"self":[{"href":"https:\/\/eneriitta.fi\/index.php\/wp-json\/wp\/v2\/pages\/11"}],"collection":[{"href":"https:\/\/eneriitta.fi\/index.php\/wp-json\/wp\/v2\/pages"}],"about":[{"href":"https:\/\/eneriitta.fi\/index.php\/wp-json\/wp\/v2\/types\/page"}],"author":[{"embeddable":true,"href":"https:\/\/eneriitta.fi\/index.php\/wp-json\/wp\/v2\/users\/1"}],"replies":[{"embeddable":true,"href":"https:\/\/eneriitta.fi\/index.php\/wp-json\/wp\/v2\/comments?post=11"}],"version-history":[{"count":14,"href":"https:\/\/eneriitta.fi\/index.php\/wp-json\/wp\/v2\/pages\/11\/revisions"}],"predecessor-version":[{"id":595,"href":"https:\/\/eneriitta.fi\/index.php\/wp-json\/wp\/v2\/pages\/11\/revisions\/595"}],"wp:attachment":[{"href":"https:\/\/eneriitta.fi\/index.php\/wp-json\/wp\/v2\/media?parent=11"}],"curies":[{"name":"wp","href":"https:\/\/api.w.org\/{rel}","templated":true}]}}